{"id":11322,"date":"2026-03-05T10:15:02","date_gmt":"2026-03-05T09:15:02","guid":{"rendered":"https:\/\/rosamunda.com\/?post_type=product&#038;p=11322"},"modified":"2026-03-05T10:19:58","modified_gmt":"2026-03-05T09:19:58","slug":"blusa-fiori-marroni","status":"publish","type":"product","link":"https:\/\/rosamunda.com\/en\/prodotto\/blusa-fiori-marroni\/","title":{"rendered":"BLUSA FIORI MARRONI"},"content":{"rendered":"","protected":false},"excerpt":{"rendered":"<p>Blusa a maniche lunghe in satin di viscosa, caratterizzato da una mano fluida e una finitura lucida che esalta la vividezza del macro-motivo floreale panna e nero su fondo color cannella.<br \/>\nIl design \u00e8 definito da una silhouette morbida con spalla scesa, che regala un volume leggero e una vestibilit\u00e0 rilassata. Il tocco distintivo \u00e8 dato dai bordi in maglia a costine in una calda nuance ocra su girocollo e polsini, che creano un ricercato contrasto materico d\u2019ispirazione sport-chic.<br \/>\nCompleta il modello un taglio dritto al fondo, che permette al capo di cadere in modo naturale esaltando la fluidit\u00e0 del tessuto.<\/p>\n<p>Composizione:<br \/>\nTessuto principale: 100% Viscosa<br \/>\nCannet\u00e9: 50% Lino, 50% Cotone<\/p>\n<p>MADE IN ITALY<\/p>\n","protected":false},"featured_media":11326,"comment_status":"open","ping_status":"closed","template":"","meta":{"inline_featured_image":false},"product_cat":[17,58],"product_tag":[],"_links":{"self":[{"href":"https:\/\/rosamunda.com\/en\/wp-json\/wp\/v2\/product\/11322"}],"collection":[{"href":"https:\/\/rosamunda.com\/en\/wp-json\/wp\/v2\/product"}],"about":[{"href":"https:\/\/rosamunda.com\/en\/wp-json\/wp\/v2\/types\/product"}],"replies":[{"embeddable":true,"href":"https:\/\/rosamunda.com\/en\/wp-json\/wp\/v2\/comments?post=11322"}],"wp:featuredmedia":[{"embeddable":true,"href":"https:\/\/rosamunda.com\/en\/wp-json\/wp\/v2\/media\/11326"}],"wp:attachment":[{"href":"https:\/\/rosamunda.com\/en\/wp-json\/wp\/v2\/media?parent=11322"}],"wp:term":[{"taxonomy":"product_cat","embeddable":true,"href":"https:\/\/rosamunda.com\/en\/wp-json\/wp\/v2\/product_cat?post=11322"},{"taxonomy":"product_tag","embeddable":true,"href":"https:\/\/rosamunda.com\/en\/wp-json\/wp\/v2\/product_tag?post=11322"}],"curies":[{"name":"wp","href":"https:\/\/api.w.org\/{rel}","templated":true}]}}