{"id":11307,"date":"2026-03-05T10:03:40","date_gmt":"2026-03-05T09:03:40","guid":{"rendered":"https:\/\/rosamunda.com\/?post_type=product&#038;p=11307"},"modified":"2026-03-05T10:20:53","modified_gmt":"2026-03-05T09:20:53","slug":"blusa-semitrasparente-rosa","status":"publish","type":"product","link":"https:\/\/rosamunda.com\/en\/prodotto\/blusa-semitrasparente-rosa\/","title":{"rendered":"BLUSA SEMITRASPARENTE ROSA"},"content":{"rendered":"","protected":false},"excerpt":{"rendered":"<p>Blusa a maniche lunghe semitrasparente dalla finitura lucida, caratterizzata da una raffinata tinta unita rosa cipria che crea un effetto elegante e minimalista.<br \/>\nIl design \u00e8 definito da una silhouette morbida con spalla scesa, che regala un volume leggero e una vestibilit\u00e0 rilassata. Il tocco distintivo \u00e8 dato dai bordi in maglia a costine in una nuance in tinta su girocollo e polsini, che creano un ricercato contrasto materico d\u2019ispirazione sport-chic.<br \/>\nCompleta il modello un taglio dritto al fondo, che permette al capo di cadere in modo naturale esaltando la fluidit\u00e0 del tessuto.<\/p>\n<p>Composizione:<br \/>\nTessuto principale: 85% Lyocell, 15% Poliestere<br \/>\nCannet\u00e9: 50% Lino, 50% Cotone<\/p>\n<p>MADE IN ITALY<\/p>\n","protected":false},"featured_media":11291,"comment_status":"open","ping_status":"closed","template":"","meta":{"inline_featured_image":false},"product_cat":[17,58],"product_tag":[],"_links":{"self":[{"href":"https:\/\/rosamunda.com\/en\/wp-json\/wp\/v2\/product\/11307"}],"collection":[{"href":"https:\/\/rosamunda.com\/en\/wp-json\/wp\/v2\/product"}],"about":[{"href":"https:\/\/rosamunda.com\/en\/wp-json\/wp\/v2\/types\/product"}],"replies":[{"embeddable":true,"href":"https:\/\/rosamunda.com\/en\/wp-json\/wp\/v2\/comments?post=11307"}],"wp:featuredmedia":[{"embeddable":true,"href":"https:\/\/rosamunda.com\/en\/wp-json\/wp\/v2\/media\/11291"}],"wp:attachment":[{"href":"https:\/\/rosamunda.com\/en\/wp-json\/wp\/v2\/media?parent=11307"}],"wp:term":[{"taxonomy":"product_cat","embeddable":true,"href":"https:\/\/rosamunda.com\/en\/wp-json\/wp\/v2\/product_cat?post=11307"},{"taxonomy":"product_tag","embeddable":true,"href":"https:\/\/rosamunda.com\/en\/wp-json\/wp\/v2\/product_tag?post=11307"}],"curies":[{"name":"wp","href":"https:\/\/api.w.org\/{rel}","templated":true}]}}